{"id":917,"date":"2015-06-06T23:52:43","date_gmt":"2015-06-06T21:52:43","guid":{"rendered":"http:\/\/www.kspnszz.org\/?page_id=917"},"modified":"2022-08-03T19:54:40","modified_gmt":"2022-08-03T17:54:40","slug":"kontakt","status":"publish","type":"page","link":"https:\/\/kspnszz.org\/index.php\/kontakt\/","title":{"rendered":"Kontakt"},"content":{"rendered":"<div class=\"mod\" data-md=\"1002\" data-ved=\"0CHcQkCkoBDAOahUKEwjso-LrsuLIAhXGhywKHQOxBEY\">\n<div class=\"_eFb\">\n<div class=\"_mr kno-fb-ctx\"><span class=\"_xdb\">Adres: <\/span><\/div>\n<div class=\"_mr kno-fb-ctx\">Krajowa Sekcja Po\u017carnictwa<\/div>\n<div class=\"_mr kno-fb-ctx\">NSZZ &#8222;Solidarno\u015b\u0107&#8221;<\/div>\n<div class=\"_mr kno-fb-ctx\"><span class=\"_Xbe\">ul. Podchor\u0105\u017cych 38, <\/span><\/div>\n<div class=\"_mr kno-fb-ctx\"><span class=\"_Xbe\">00-463 Warszawa<\/span><\/div>\n<div class=\"_mr kno-fb-ctx\"><\/div>\n<\/div>\n<\/div>\n<div class=\"mod\" data-md=\"1006\" data-ved=\"0CHkQkCkoBTAPahUKEwjso-LrsuLIAhXGhywKHQOxBEY\">\n<div class=\"_eFb\">biuro@kspnszz.org<\/div>\n<div class=\"_eFb\"><a href=\"http:\/\/kspnszz.org\/wp-content\/uploads\/2015\/06\/Logo_KSP11.png\" data-rel=\"lightbox-image-0\" data-rl_title=\"\" data-rl_caption=\"\" title=\"\"><img loading=\"lazy\" decoding=\"async\" class=\" size-full wp-image-863 aligncenter\" src=\"http:\/\/kspnszz.org\/wp-content\/uploads\/2015\/06\/Logo_KSP11.png\" alt=\"Logo_KSP1\" width=\"130\" height=\"130\" \/><\/a><\/div>\n<\/div>\n","protected":false},"excerpt":{"rendered":"<p>Adres: Krajowa Sekcja Po\u017carnictwa NSZZ &#8222;Solidarno\u015b\u0107&#8221; ul. Podchor\u0105\u017cych 38, 00-463 Warszawa biuro@kspnszz.org<\/p>\n","protected":false},"author":1,"featured_media":0,"parent":0,"menu_order":0,"comment_status":"closed","ping_status":"closed","template":"","meta":{"footnotes":""},"yoast_head":"<!-- This site is optimized with the Yoast SEO plugin v22.7 - https:\/\/yoast.com\/wordpress\/plugins\/seo\/ -->\n<title>Kontakt - KSPNSZZ<\/title>\n<meta name=\"robots\" content=\"index, follow, max-snippet:-1, max-image-preview:large, max-video-preview:-1\" \/>\n<link rel=\"canonical\" href=\"http:\/\/kspnszz.org\/index.php\/kontakt\/\" \/>\n<meta property=\"og:locale\" content=\"pl_PL\" \/>\n<meta property=\"og:type\" content=\"article\" \/>\n<meta property=\"og:title\" content=\"Kontakt - KSPNSZZ\" \/>\n<meta property=\"og:description\" content=\"Adres: Krajowa Sekcja Po\u017carnictwa NSZZ &#8222;Solidarno\u015b\u0107&#8221; ul. Podchor\u0105\u017cych 38, 00-463 Warszawa biuro@kspnszz.org\" \/>\n<meta property=\"og:url\" content=\"http:\/\/kspnszz.org\/index.php\/kontakt\/\" \/>\n<meta property=\"og:site_name\" content=\"KSPNSZZ\" \/>\n<meta property=\"article:modified_time\" content=\"2022-08-03T17:54:40+00:00\" \/>\n<meta property=\"og:image\" content=\"http:\/\/kspnszz.org\/wp-content\/uploads\/2015\/06\/Logo_KSP11.png\" \/>\n<meta name=\"twitter:card\" content=\"summary_large_image\" \/>\n<script type=\"application\/ld+json\" class=\"yoast-schema-graph\">{\"@context\":\"https:\/\/schema.org\",\"@graph\":[{\"@type\":\"WebPage\",\"@id\":\"http:\/\/kspnszz.org\/index.php\/kontakt\/\",\"url\":\"http:\/\/kspnszz.org\/index.php\/kontakt\/\",\"name\":\"Kontakt - KSPNSZZ\",\"isPartOf\":{\"@id\":\"http:\/\/kspnszz.org\/#website\"},\"primaryImageOfPage\":{\"@id\":\"http:\/\/kspnszz.org\/index.php\/kontakt\/#primaryimage\"},\"image\":{\"@id\":\"http:\/\/kspnszz.org\/index.php\/kontakt\/#primaryimage\"},\"thumbnailUrl\":\"http:\/\/kspnszz.org\/wp-content\/uploads\/2015\/06\/Logo_KSP11.png\",\"datePublished\":\"2015-06-06T21:52:43+00:00\",\"dateModified\":\"2022-08-03T17:54:40+00:00\",\"breadcrumb\":{\"@id\":\"http:\/\/kspnszz.org\/index.php\/kontakt\/#breadcrumb\"},\"inLanguage\":\"pl-PL\",\"potentialAction\":[{\"@type\":\"ReadAction\",\"target\":[\"http:\/\/kspnszz.org\/index.php\/kontakt\/\"]}]},{\"@type\":\"ImageObject\",\"inLanguage\":\"pl-PL\",\"@id\":\"http:\/\/kspnszz.org\/index.php\/kontakt\/#primaryimage\",\"url\":\"http:\/\/kspnszz.org\/wp-content\/uploads\/2015\/06\/Logo_KSP11.png\",\"contentUrl\":\"http:\/\/kspnszz.org\/wp-content\/uploads\/2015\/06\/Logo_KSP11.png\"},{\"@type\":\"BreadcrumbList\",\"@id\":\"http:\/\/kspnszz.org\/index.php\/kontakt\/#breadcrumb\",\"itemListElement\":[{\"@type\":\"ListItem\",\"position\":1,\"name\":\"Strona g\u0142\u00f3wna\",\"item\":\"http:\/\/kspnszz.org\/\"},{\"@type\":\"ListItem\",\"position\":2,\"name\":\"Kontakt\"}]},{\"@type\":\"WebSite\",\"@id\":\"http:\/\/kspnszz.org\/#website\",\"url\":\"http:\/\/kspnszz.org\/\",\"name\":\"KSPNSZZ\",\"description\":\"Krajowa Sekcja Po\u017carnictwa\",\"potentialAction\":[{\"@type\":\"SearchAction\",\"target\":{\"@type\":\"EntryPoint\",\"urlTemplate\":\"http:\/\/kspnszz.org\/?s={search_term_string}\"},\"query-input\":\"required name=search_term_string\"}],\"inLanguage\":\"pl-PL\"}]}<\/script>\n<!-- \/ Yoast SEO plugin. -->","yoast_head_json":{"title":"Kontakt - KSPNSZZ","robots":{"index":"index","follow":"follow","max-snippet":"max-snippet:-1","max-image-preview":"max-image-preview:large","max-video-preview":"max-video-preview:-1"},"canonical":"http:\/\/kspnszz.org\/index.php\/kontakt\/","og_locale":"pl_PL","og_type":"article","og_title":"Kontakt - KSPNSZZ","og_description":"Adres: Krajowa Sekcja Po\u017carnictwa NSZZ &#8222;Solidarno\u015b\u0107&#8221; ul. Podchor\u0105\u017cych 38, 00-463 Warszawa biuro@kspnszz.org","og_url":"http:\/\/kspnszz.org\/index.php\/kontakt\/","og_site_name":"KSPNSZZ","article_modified_time":"2022-08-03T17:54:40+00:00","og_image":[{"url":"http:\/\/kspnszz.org\/wp-content\/uploads\/2015\/06\/Logo_KSP11.png"}],"twitter_card":"summary_large_image","schema":{"@context":"https:\/\/schema.org","@graph":[{"@type":"WebPage","@id":"http:\/\/kspnszz.org\/index.php\/kontakt\/","url":"http:\/\/kspnszz.org\/index.php\/kontakt\/","name":"Kontakt - KSPNSZZ","isPartOf":{"@id":"http:\/\/kspnszz.org\/#website"},"primaryImageOfPage":{"@id":"http:\/\/kspnszz.org\/index.php\/kontakt\/#primaryimage"},"image":{"@id":"http:\/\/kspnszz.org\/index.php\/kontakt\/#primaryimage"},"thumbnailUrl":"http:\/\/kspnszz.org\/wp-content\/uploads\/2015\/06\/Logo_KSP11.png","datePublished":"2015-06-06T21:52:43+00:00","dateModified":"2022-08-03T17:54:40+00:00","breadcrumb":{"@id":"http:\/\/kspnszz.org\/index.php\/kontakt\/#breadcrumb"},"inLanguage":"pl-PL","potentialAction":[{"@type":"ReadAction","target":["http:\/\/kspnszz.org\/index.php\/kontakt\/"]}]},{"@type":"ImageObject","inLanguage":"pl-PL","@id":"http:\/\/kspnszz.org\/index.php\/kontakt\/#primaryimage","url":"http:\/\/kspnszz.org\/wp-content\/uploads\/2015\/06\/Logo_KSP11.png","contentUrl":"http:\/\/kspnszz.org\/wp-content\/uploads\/2015\/06\/Logo_KSP11.png"},{"@type":"BreadcrumbList","@id":"http:\/\/kspnszz.org\/index.php\/kontakt\/#breadcrumb","itemListElement":[{"@type":"ListItem","position":1,"name":"Strona g\u0142\u00f3wna","item":"http:\/\/kspnszz.org\/"},{"@type":"ListItem","position":2,"name":"Kontakt"}]},{"@type":"WebSite","@id":"http:\/\/kspnszz.org\/#website","url":"http:\/\/kspnszz.org\/","name":"KSPNSZZ","description":"Krajowa Sekcja Po\u017carnictwa","potentialAction":[{"@type":"SearchAction","target":{"@type":"EntryPoint","urlTemplate":"http:\/\/kspnszz.org\/?s={search_term_string}"},"query-input":"required name=search_term_string"}],"inLanguage":"pl-PL"}]}},"_links":{"self":[{"href":"https:\/\/kspnszz.org\/index.php\/wp-json\/wp\/v2\/pages\/917"}],"collection":[{"href":"https:\/\/kspnszz.org\/index.php\/wp-json\/wp\/v2\/pages"}],"about":[{"href":"https:\/\/kspnszz.org\/index.php\/wp-json\/wp\/v2\/types\/page"}],"author":[{"embeddable":true,"href":"https:\/\/kspnszz.org\/index.php\/wp-json\/wp\/v2\/users\/1"}],"replies":[{"embeddable":true,"href":"https:\/\/kspnszz.org\/index.php\/wp-json\/wp\/v2\/comments?post=917"}],"version-history":[{"count":7,"href":"https:\/\/kspnszz.org\/index.php\/wp-json\/wp\/v2\/pages\/917\/revisions"}],"predecessor-version":[{"id":4151,"href":"https:\/\/kspnszz.org\/index.php\/wp-json\/wp\/v2\/pages\/917\/revisions\/4151"}],"wp:attachment":[{"href":"https:\/\/kspnszz.org\/index.php\/wp-json\/wp\/v2\/media?parent=917"}],"curies":[{"name":"wp","href":"https:\/\/api.w.org\/{rel}","templated":true}]}}