{"id":903,"date":"2015-06-06T23:21:28","date_gmt":"2015-06-06T21:21:28","guid":{"rendered":"http:\/\/www.kspnszz.org\/?page_id=903"},"modified":"2020-04-09T17:25:13","modified_gmt":"2020-04-09T15:25:13","slug":"akty-prawne-psp","status":"publish","type":"page","link":"http:\/\/kspnszz.org\/index.php\/akty-prawne-psp\/","title":{"rendered":"Akty prawne &#8211; PSP"},"content":{"rendered":"<p>Otw\u00f3rz lub pobierz w formacie PDF<\/p>\n<table style=\"height: 1855px;\" width=\"824\">\n<tbody>\n<tr>\n<td width=\"35\">1.<\/td>\n<td width=\"655\"><a href=\"http:\/\/prawo.sejm.gov.pl\/isap.nsf\/download.xsp\/WDU20190001499\/U\/D20191499Lj.pdf\">Ustawa o PSP<\/a><\/td>\n<\/tr>\n<tr>\n<td width=\"35\">2.<\/td>\n<td width=\"655\"><a href=\"http:\/\/prawo.sejm.gov.pl\/isap.nsf\/download.xsp\/WDU20190001372\/U\/D20191372Lj.pdf\">Ustawa o ochronie przeciwpo\u017carowej<\/a><\/td>\n<\/tr>\n<tr>\n<td width=\"35\">3.<\/td>\n<td width=\"655\"><a href=\"http:\/\/prawo.sejm.gov.pl\/isap.nsf\/download.xsp\/WDU20190000288\/U\/D20190288Lj.pdf\">Ustawa o zaopatrzeniu emerytalnym<\/a><\/td>\n<\/tr>\n<tr>\n<td width=\"35\">4.<\/td>\n<td width=\"655\"><a href=\"http:\/\/isap.sejm.gov.pl\/isap.nsf\/DocDetails.xsp?id=WDU20170001319\">Rozporz\u0105dzenie o krajowym systemie ratowniczo-ga\u015bniczym<\/a><\/td>\n<\/tr>\n<tr>\n<td width=\"35\">5.<\/td>\n<td width=\"655\"><a href=\"http:\/\/isap.sejm.gov.pl\/isap.nsf\/DocDetails.xsp?id=WDU20061431037\">Rozporz\u0105dzenie o ramowej organizacji komend<\/a><\/td>\n<\/tr>\n<tr>\n<td width=\"35\">6.<\/td>\n<td width=\"655\"><a href=\"http:\/\/prawo.sejm.gov.pl\/isap.nsf\/download.xsp\/WDU20200000280\/O\/D20200280.pdf\">Rozporz\u0105dzenie\u00a0ws. stanowisk s\u0142u\u017cbowych<\/a><\/td>\n<\/tr>\n<tr>\n<td width=\"35\">7.<\/td>\n<td width=\"655\"><a href=\"http:\/\/prawo.sejm.gov.pl\/isap.nsf\/DocDetails.xsp?id=WDU20052662247\">Rozporz\u0105dzenie w sprawie pe\u0142nienia s\u0142u\u017cby przez stra\u017cak\u00f3w PSP<\/a><\/td>\n<\/tr>\n<tr>\n<td width=\"35\">8.<\/td>\n<td width=\"655\"><a href=\"http:\/\/prawo.sejm.gov.pl\/isap.nsf\/download.xsp\/WDU20200000281\/O\/D20200281.pdf\">Rozporz\u0105dzenie w sprawie uposa\u017cenia stra\u017cak\u00f3w PSP<\/a><\/td>\n<\/tr>\n<tr>\n<td width=\"35\">9.<\/td>\n<td width=\"655\"><a href=\"http:\/\/prawo.sejm.gov.pl\/isap.nsf\/download.xsp\/WDU20060090052\/O\/D20060052.pdf\">Rozporz\u0105dzenie w sprawie urlop\u00f3w stra\u017cak\u00f3w PSP<\/a><\/td>\n<\/tr>\n<tr>\n<td width=\"35\">10.<\/td>\n<td width=\"655\"><a href=\"http:\/\/prawo.sejm.gov.pl\/isap.nsf\/DocDetails.xsp?id=WDU20180000673\">Rozporz\u0105dzenie w sprawie przeprowadzania bada\u0144 okresowych i test\u00f3w sprawno\u015bci fizycznej<\/a><\/td>\n<\/tr>\n<tr>\n<td width=\"35\">11.<\/td>\n<td width=\"655\"><a href=\"http:\/\/prawo.sejm.gov.pl\/isap.nsf\/download.xsp\/WDU20140001793\/O\/D20141793.pdf\">Rozporz\u0105dzenie w sprawie wyposa\u017cenia komend<\/a><\/td>\n<\/tr>\n<tr>\n<td width=\"35\">12.<\/td>\n<td width=\"655\"><a href=\"http:\/\/isap.sejm.gov.pl\/isap.nsf\/download.xsp\/WDU20081801115\/O\/D20081115.pdf\">Rozporz\u0105dzenie ws. szczeg\u00f3\u0142owych warunk\u00f3w bezpiecze\u0144stwa i higieny s\u0142u\u017cby stra\u017cak\u00f3w PSP<\/a><\/td>\n<\/tr>\n<tr>\n<td width=\"35\">13.<\/td>\n<td width=\"655\"><a href=\"http:\/\/prawo.sejm.gov.pl\/isap.nsf\/download.xsp\/WDU20080200123\/O\/D20080123.pdf\">Rozporz\u0105dzenie ws. warunk\u00f3w przyznawania wyr\u00f3\u017cnie\u0144 stra\u017cakom PSP<\/a><\/td>\n<\/tr>\n<tr>\n<td width=\"35\">14.<\/td>\n<td width=\"655\"><a href=\"http:\/\/isap.sejm.gov.pl\/isap.nsf\/DocDetails.xsp?id=WDU20060040025\">Rozporz\u0105dzenie w sprawie umundurowania stra\u017cak\u00f3w PSP<\/a><\/td>\n<\/tr>\n<tr>\n<td width=\"35\">15.<\/td>\n<td width=\"655\"><a href=\"http:\/\/prawo.sejm.gov.pl\/isap.nsf\/download.xsp\/WDU20060040026\/O\/D20060026.pdf\">Rozporz\u0105dzenie w sprawie r\u00f3wnowa\u017cnika za umundurowanie<\/a><\/td>\n<\/tr>\n<tr>\n<td width=\"35\">16.<\/td>\n<td width=\"655\"><a href=\"http:\/\/prawo.sejm.gov.pl\/isap.nsf\/download.xsp\/WDU20052412034\/O\/D20052034.pdf\">Rozporz\u0105dzenie w sprawie pomocy finansowej na lokal mieszkalny<\/a><\/td>\n<\/tr>\n<tr>\n<td width=\"35\">17.<\/td>\n<td width=\"655\"><a href=\"http:\/\/prawo.sejm.gov.pl\/isap.nsf\/download.xsp\/WDU20052412033\/O\/D20052033.pdf\">Rozporz\u0105dzenie w sprawie r\u00f3wnowa\u017cnika za remont albo za brak lokalu<\/a><\/td>\n<\/tr>\n<tr>\n<td width=\"35\">18.<\/td>\n<td width=\"655\"><a href=\"http:\/\/prawo.sejm.gov.pl\/isap.nsf\/DocDetails.xsp?id=WDU20011161248\">Rozporz\u0105dzenie w sprawie \u015bwiadcze\u0144 socjalnych stra\u017cak\u00f3w PSP<\/a><\/td>\n<\/tr>\n<tr>\n<td width=\"35\">19.<\/td>\n<td width=\"655\"><a href=\"http:\/\/prawo.sejm.gov.pl\/isap.nsf\/download.xsp\/WDU20160000243\/O\/D20160243.pdf\">Rozporz\u0105dzenia ws. \u015bwiadcze\u0144\u00a0otrzymywanych przez stra\u017cak\u00f3w w s\u0142u\u017cbie kandydackiej<\/a><\/td>\n<\/tr>\n<tr>\n<td width=\"35\">20.<\/td>\n<td width=\"655\"><a href=\"http:\/\/prawo.sejm.gov.pl\/isap.nsf\/DocDetails.xsp?id=WDU20060800562\">Rozporz\u0105dzenie ws. opiniowania s\u0142u\u017cbowego stra\u017caka PSP<\/a><\/td>\n<\/tr>\n<tr>\n<td width=\"35\">21.<\/td>\n<td width=\"655\"><a href=\"http:\/\/prawo.sejm.gov.pl\/isap.nsf\/download.xsp\/WDU20140001439\/O\/D20141439.pdf\">Rozporz\u0105dzenie\u00a0 ws. nagr\u00f3d i zapom\u00f3g dla stra\u017cak\u00f3w PSP<\/a><\/td>\n<\/tr>\n<tr>\n<td width=\"35\">22.<\/td>\n<td width=\"655\"><a href=\"http:\/\/prawo.sejm.gov.pl\/isap.nsf\/DocDetails.xsp?id=WDU20130001591\">Rozporz\u0105dzenie ws. trybu post\u0119powania w sprawach o\u015bwiadcze\u0144 o stanie maj\u0105tkowym stra\u017cak\u00f3w PSP<\/a><\/td>\n<\/tr>\n<tr>\n<td width=\"35\">23.<\/td>\n<td width=\"655\"><a href=\"http:\/\/prawo.sejm.gov.pl\/isap.nsf\/DocDetails.xsp?id=WDU20160002295\">Rozporz\u0105dzenie w sprawie sta\u017cu adaptacyjnego i testu umiej\u0119tno\u015bci w toku post\u0119powania w sprawie uznania kwalifikacji do wykonywania zawodu in\u017cynier po\u017carnictwa, technik po\u017carnictwa lub stra\u017cak<\/a><\/td>\n<\/tr>\n<tr>\n<td width=\"35\">24.<\/td>\n<td width=\"655\"><a href=\"http:\/\/prawo.sejm.gov.pl\/isap.nsf\/DocDetails.xsp?id=WDU20011141227\">Rozporz\u0105dzenie w sprawie ceremonia\u0142u sk\u0142adania \u015blubowania<\/a><\/td>\n<\/tr>\n<tr>\n<td width=\"35\">\u00a025.<\/td>\n<td width=\"655\"><a href=\"http:\/\/isap.sejm.gov.pl\/isap.nsf\/download.xsp\/WDU19971010637\/O\/D19970637.pdf\">Rozporz\u0105dzenie ws. okres\u00f3w zaliczanych do okresu s\u0142u\u017cby, od kt\u00f3rego zale\u017cy nabycie przez stra\u017caka PSP prawa do nagrody jubileuszowej oraz szczeg\u00f3\u0142owych zasad jej obliczania i wyp\u0142acania<\/a><\/td>\n<\/tr>\n<tr>\n<td width=\"35\"><\/td>\n<td width=\"655\"><\/td>\n<\/tr>\n<tr>\n<td width=\"35\"><\/td>\n<td width=\"655\"><\/td>\n<\/tr>\n<tr>\n<td width=\"35\"><\/td>\n<td width=\"655\"><\/td>\n<\/tr>\n<\/tbody>\n<\/table>\n","protected":false},"excerpt":{"rendered":"<p>Otw\u00f3rz lub pobierz w formacie PDF 1. Ustawa o PSP 2. Ustawa o ochronie przeciwpo\u017carowej 3. Ustawa o zaopatrzeniu emerytalnym 4. Rozporz\u0105dzenie o krajowym systemie ratowniczo-ga\u015bniczym 5. Rozporz\u0105dzenie o ramowej organizacji komend 6. Rozporz\u0105dzenie\u00a0ws. stanowisk s\u0142u\u017cbowych 7. Rozporz\u0105dzenie w sprawie pe\u0142nienia s\u0142u\u017cby przez stra\u017cak\u00f3w PSP 8. Rozporz\u0105dzenie w sprawie uposa\u017cenia stra\u017cak\u00f3w PSP 9. Rozporz\u0105dzenie w &hellip;<\/p>\n","protected":false},"author":1,"featured_media":0,"parent":0,"menu_order":0,"comment_status":"closed","ping_status":"closed","template":"","meta":{"footnotes":""},"yoast_head":"<!-- This site is optimized with the Yoast SEO plugin v22.7 - https:\/\/yoast.com\/wordpress\/plugins\/seo\/ -->\n<title>Akty prawne - PSP - KSPNSZZ<\/title>\n<meta name=\"robots\" content=\"index, follow, max-snippet:-1, max-image-preview:large, max-video-preview:-1\" \/>\n<link rel=\"canonical\" href=\"http:\/\/kspnszz.org\/index.php\/akty-prawne-psp\/\" \/>\n<meta property=\"og:locale\" content=\"pl_PL\" \/>\n<meta property=\"og:type\" content=\"article\" \/>\n<meta property=\"og:title\" content=\"Akty prawne - PSP - KSPNSZZ\" \/>\n<meta property=\"og:description\" content=\"Otw\u00f3rz lub pobierz w formacie PDF 1. Ustawa o PSP 2. Ustawa o ochronie przeciwpo\u017carowej 3. Ustawa o zaopatrzeniu emerytalnym 4. Rozporz\u0105dzenie o krajowym systemie ratowniczo-ga\u015bniczym 5. Rozporz\u0105dzenie o ramowej organizacji komend 6. Rozporz\u0105dzenie\u00a0ws. stanowisk s\u0142u\u017cbowych 7. Rozporz\u0105dzenie w sprawie pe\u0142nienia s\u0142u\u017cby przez stra\u017cak\u00f3w PSP 8. Rozporz\u0105dzenie w sprawie uposa\u017cenia stra\u017cak\u00f3w PSP 9. Rozporz\u0105dzenie w &hellip;\" \/>\n<meta property=\"og:url\" content=\"http:\/\/kspnszz.org\/index.php\/akty-prawne-psp\/\" \/>\n<meta property=\"og:site_name\" content=\"KSPNSZZ\" \/>\n<meta property=\"article:modified_time\" content=\"2020-04-09T15:25:13+00:00\" \/>\n<meta name=\"twitter:card\" content=\"summary_large_image\" \/>\n<meta name=\"twitter:label1\" content=\"Szacowany czas czytania\" \/>\n\t<meta name=\"twitter:data1\" content=\"2 minuty\" \/>\n<script type=\"application\/ld+json\" class=\"yoast-schema-graph\">{\"@context\":\"https:\/\/schema.org\",\"@graph\":[{\"@type\":\"WebPage\",\"@id\":\"http:\/\/kspnszz.org\/index.php\/akty-prawne-psp\/\",\"url\":\"http:\/\/kspnszz.org\/index.php\/akty-prawne-psp\/\",\"name\":\"Akty prawne - PSP - KSPNSZZ\",\"isPartOf\":{\"@id\":\"https:\/\/kspnszz.org\/#website\"},\"datePublished\":\"2015-06-06T21:21:28+00:00\",\"dateModified\":\"2020-04-09T15:25:13+00:00\",\"breadcrumb\":{\"@id\":\"http:\/\/kspnszz.org\/index.php\/akty-prawne-psp\/#breadcrumb\"},\"inLanguage\":\"pl-PL\",\"potentialAction\":[{\"@type\":\"ReadAction\",\"target\":[\"http:\/\/kspnszz.org\/index.php\/akty-prawne-psp\/\"]}]},{\"@type\":\"BreadcrumbList\",\"@id\":\"http:\/\/kspnszz.org\/index.php\/akty-prawne-psp\/#breadcrumb\",\"itemListElement\":[{\"@type\":\"ListItem\",\"position\":1,\"name\":\"Strona g\u0142\u00f3wna\",\"item\":\"https:\/\/kspnszz.org\/\"},{\"@type\":\"ListItem\",\"position\":2,\"name\":\"Akty prawne &#8211; PSP\"}]},{\"@type\":\"WebSite\",\"@id\":\"https:\/\/kspnszz.org\/#website\",\"url\":\"https:\/\/kspnszz.org\/\",\"name\":\"KSPNSZZ\",\"description\":\"Krajowa Sekcja Po\u017carnictwa\",\"potentialAction\":[{\"@type\":\"SearchAction\",\"target\":{\"@type\":\"EntryPoint\",\"urlTemplate\":\"https:\/\/kspnszz.org\/?s={search_term_string}\"},\"query-input\":\"required name=search_term_string\"}],\"inLanguage\":\"pl-PL\"}]}<\/script>\n<!-- \/ Yoast SEO plugin. -->","yoast_head_json":{"title":"Akty prawne - PSP - KSPNSZZ","robots":{"index":"index","follow":"follow","max-snippet":"max-snippet:-1","max-image-preview":"max-image-preview:large","max-video-preview":"max-video-preview:-1"},"canonical":"http:\/\/kspnszz.org\/index.php\/akty-prawne-psp\/","og_locale":"pl_PL","og_type":"article","og_title":"Akty prawne - PSP - KSPNSZZ","og_description":"Otw\u00f3rz lub pobierz w formacie PDF 1. Ustawa o PSP 2. Ustawa o ochronie przeciwpo\u017carowej 3. Ustawa o zaopatrzeniu emerytalnym 4. Rozporz\u0105dzenie o krajowym systemie ratowniczo-ga\u015bniczym 5. Rozporz\u0105dzenie o ramowej organizacji komend 6. Rozporz\u0105dzenie\u00a0ws. stanowisk s\u0142u\u017cbowych 7. Rozporz\u0105dzenie w sprawie pe\u0142nienia s\u0142u\u017cby przez stra\u017cak\u00f3w PSP 8. Rozporz\u0105dzenie w sprawie uposa\u017cenia stra\u017cak\u00f3w PSP 9. Rozporz\u0105dzenie w &hellip;","og_url":"http:\/\/kspnszz.org\/index.php\/akty-prawne-psp\/","og_site_name":"KSPNSZZ","article_modified_time":"2020-04-09T15:25:13+00:00","twitter_card":"summary_large_image","twitter_misc":{"Szacowany czas czytania":"2 minuty"},"schema":{"@context":"https:\/\/schema.org","@graph":[{"@type":"WebPage","@id":"http:\/\/kspnszz.org\/index.php\/akty-prawne-psp\/","url":"http:\/\/kspnszz.org\/index.php\/akty-prawne-psp\/","name":"Akty prawne - PSP - KSPNSZZ","isPartOf":{"@id":"https:\/\/kspnszz.org\/#website"},"datePublished":"2015-06-06T21:21:28+00:00","dateModified":"2020-04-09T15:25:13+00:00","breadcrumb":{"@id":"http:\/\/kspnszz.org\/index.php\/akty-prawne-psp\/#breadcrumb"},"inLanguage":"pl-PL","potentialAction":[{"@type":"ReadAction","target":["http:\/\/kspnszz.org\/index.php\/akty-prawne-psp\/"]}]},{"@type":"BreadcrumbList","@id":"http:\/\/kspnszz.org\/index.php\/akty-prawne-psp\/#breadcrumb","itemListElement":[{"@type":"ListItem","position":1,"name":"Strona g\u0142\u00f3wna","item":"https:\/\/kspnszz.org\/"},{"@type":"ListItem","position":2,"name":"Akty prawne &#8211; PSP"}]},{"@type":"WebSite","@id":"https:\/\/kspnszz.org\/#website","url":"https:\/\/kspnszz.org\/","name":"KSPNSZZ","description":"Krajowa Sekcja Po\u017carnictwa","potentialAction":[{"@type":"SearchAction","target":{"@type":"EntryPoint","urlTemplate":"https:\/\/kspnszz.org\/?s={search_term_string}"},"query-input":"required name=search_term_string"}],"inLanguage":"pl-PL"}]}},"_links":{"self":[{"href":"http:\/\/kspnszz.org\/index.php\/wp-json\/wp\/v2\/pages\/903"}],"collection":[{"href":"http:\/\/kspnszz.org\/index.php\/wp-json\/wp\/v2\/pages"}],"about":[{"href":"http:\/\/kspnszz.org\/index.php\/wp-json\/wp\/v2\/types\/page"}],"author":[{"embeddable":true,"href":"http:\/\/kspnszz.org\/index.php\/wp-json\/wp\/v2\/users\/1"}],"replies":[{"embeddable":true,"href":"http:\/\/kspnszz.org\/index.php\/wp-json\/wp\/v2\/comments?post=903"}],"version-history":[{"count":21,"href":"http:\/\/kspnszz.org\/index.php\/wp-json\/wp\/v2\/pages\/903\/revisions"}],"predecessor-version":[{"id":2620,"href":"http:\/\/kspnszz.org\/index.php\/wp-json\/wp\/v2\/pages\/903\/revisions\/2620"}],"wp:attachment":[{"href":"http:\/\/kspnszz.org\/index.php\/wp-json\/wp\/v2\/media?parent=903"}],"curies":[{"name":"wp","href":"https:\/\/api.w.org\/{rel}","templated":true}]}}