{"id":1078,"date":"2015-06-19T22:38:22","date_gmt":"2015-06-19T20:38:22","guid":{"rendered":"http:\/\/www.kspnszz.org\/?page_id=1078"},"modified":"2020-07-03T17:27:16","modified_gmt":"2020-07-03T15:27:16","slug":"fundacja-solidarni","status":"publish","type":"page","link":"http:\/\/kspnszz.org\/index.php\/fundacja-solidarni\/","title":{"rendered":"Fundacja Solidarni"},"content":{"rendered":"<p><strong>Fundacja\u00a0pomocy poszkodowanym funkcjonariuszom i pracownikom PSP <\/strong><strong>oraz cz\u0142onkom ich rodzin &#8222;SOLIDARNI&#8221;<\/strong><\/p>\n<p>00-463 Warszawa, ul. Podchor\u0105\u017cych 38.<img loading=\"lazy\" decoding=\"async\" class=\" size-medium wp-image-2051 alignright\" src=\"http:\/\/kspnszz.org\/wp-content\/uploads\/2019\/01\/LOGO-HYDRANT-1aq-179x300.jpg\" alt=\"LOGO-HYDRANT-1aq\" width=\"179\" height=\"300\" srcset=\"http:\/\/kspnszz.org\/wp-content\/uploads\/2019\/01\/LOGO-HYDRANT-1aq-179x300.jpg 179w, http:\/\/kspnszz.org\/wp-content\/uploads\/2019\/01\/LOGO-HYDRANT-1aq.jpg 591w\" sizes=\"(max-width: 179px) 100vw, 179px\" \/><\/p>\n<p>adres WWW fundacji:<a href=\"http:\/\/www.fundacjapsp.pl\/\"> fundacjapsp.pl<\/a><\/p>\n<div class=\"wpb_text_column wpb_content_element \"><\/div>\n<div class=\"wpb_text_column wpb_content_element \"><\/div>\n<div class=\"wpb_text_column wpb_content_element \">\n<div class=\"wpb_wrapper\">\n<p><strong>REGON 146293150<\/strong><\/p>\n<p><strong>NIP\u00a0 7010357032<\/strong><\/p>\n<p><strong>KRS\u00a00000430164<\/strong><\/p>\n<\/div>\n<\/div>\n<div class=\"wpb_text_column wpb_content_element \">\n<div class=\"wpb_wrapper\">\n<p><strong>tel. + 48 535 961 881<br \/>\n<\/strong><strong>tel. + 48 796\u00a0961 881<\/strong><\/p>\n<p><strong>fax. + 48 22 523 3034<\/strong><\/p>\n<p><strong>emai<\/strong>l.\u00a0<a href=\"mailto:biuro@fundacjapsp.pl\" target=\"_blank\">biuro@fundacjapsp.pl<\/a><\/p>\n<\/div>\n<\/div>\n<p>Fundacja zosta\u0142a utworzona w celu udzielania pomocy poszkodowanym funkcjonariuszom i pracownikom Pa\u0144stwowej Stra\u017cy Po\u017carnej oraz cz\u0142onkom ich rodzin.<\/p>\n<p>&nbsp;<\/p>\n","protected":false},"excerpt":{"rendered":"<p>Fundacja\u00a0pomocy poszkodowanym funkcjonariuszom i pracownikom PSP oraz cz\u0142onkom ich rodzin &#8222;SOLIDARNI&#8221; 00-463 Warszawa, ul. Podchor\u0105\u017cych 38. adres WWW fundacji: fundacjapsp.pl REGON 146293150 NIP\u00a0 7010357032 KRS\u00a00000430164 tel. + 48 535 961 881 tel. + 48 796\u00a0961 881 fax. + 48 22 523 3034 email.\u00a0biuro@fundacjapsp.pl Fundacja zosta\u0142a utworzona w celu udzielania pomocy poszkodowanym funkcjonariuszom i pracownikom Pa\u0144stwowej &hellip;<\/p>\n","protected":false},"author":1,"featured_media":1079,"parent":0,"menu_order":0,"comment_status":"closed","ping_status":"closed","template":"","meta":{"footnotes":""},"yoast_head":"<!-- This site is optimized with the Yoast SEO plugin v22.7 - https:\/\/yoast.com\/wordpress\/plugins\/seo\/ -->\n<title>Fundacja Solidarni - KSPNSZZ<\/title>\n<meta name=\"robots\" content=\"index, follow, max-snippet:-1, max-image-preview:large, max-video-preview:-1\" \/>\n<link rel=\"canonical\" href=\"https:\/\/kspnszz.org\/index.php\/fundacja-solidarni\/\" \/>\n<meta property=\"og:locale\" content=\"pl_PL\" \/>\n<meta property=\"og:type\" content=\"article\" \/>\n<meta property=\"og:title\" content=\"Fundacja Solidarni - KSPNSZZ\" \/>\n<meta property=\"og:description\" content=\"Fundacja\u00a0pomocy poszkodowanym funkcjonariuszom i pracownikom PSP oraz cz\u0142onkom ich rodzin &#8222;SOLIDARNI&#8221; 00-463 Warszawa, ul. Podchor\u0105\u017cych 38. adres WWW fundacji: fundacjapsp.pl REGON 146293150 NIP\u00a0 7010357032 KRS\u00a00000430164 tel. + 48 535 961 881 tel. + 48 796\u00a0961 881 fax. + 48 22 523 3034 email.\u00a0biuro@fundacjapsp.pl Fundacja zosta\u0142a utworzona w celu udzielania pomocy poszkodowanym funkcjonariuszom i pracownikom Pa\u0144stwowej &hellip;\" \/>\n<meta property=\"og:url\" content=\"https:\/\/kspnszz.org\/index.php\/fundacja-solidarni\/\" \/>\n<meta property=\"og:site_name\" content=\"KSPNSZZ\" \/>\n<meta property=\"article:modified_time\" content=\"2020-07-03T15:27:16+00:00\" \/>\n<meta property=\"og:image\" content=\"https:\/\/kspnszz.org\/wp-content\/uploads\/2015\/06\/Solidarni1.jpg\" \/>\n\t<meta property=\"og:image:width\" content=\"1002\" \/>\n\t<meta property=\"og:image:height\" content=\"454\" \/>\n\t<meta property=\"og:image:type\" content=\"image\/jpeg\" \/>\n<meta name=\"twitter:card\" content=\"summary_large_image\" \/>\n<script type=\"application\/ld+json\" class=\"yoast-schema-graph\">{\"@context\":\"https:\/\/schema.org\",\"@graph\":[{\"@type\":\"WebPage\",\"@id\":\"https:\/\/kspnszz.org\/index.php\/fundacja-solidarni\/\",\"url\":\"https:\/\/kspnszz.org\/index.php\/fundacja-solidarni\/\",\"name\":\"Fundacja Solidarni - KSPNSZZ\",\"isPartOf\":{\"@id\":\"http:\/\/kspnszz.org\/#website\"},\"primaryImageOfPage\":{\"@id\":\"https:\/\/kspnszz.org\/index.php\/fundacja-solidarni\/#primaryimage\"},\"image\":{\"@id\":\"https:\/\/kspnszz.org\/index.php\/fundacja-solidarni\/#primaryimage\"},\"thumbnailUrl\":\"http:\/\/kspnszz.org\/wp-content\/uploads\/2015\/06\/Solidarni1.jpg\",\"datePublished\":\"2015-06-19T20:38:22+00:00\",\"dateModified\":\"2020-07-03T15:27:16+00:00\",\"breadcrumb\":{\"@id\":\"https:\/\/kspnszz.org\/index.php\/fundacja-solidarni\/#breadcrumb\"},\"inLanguage\":\"pl-PL\",\"potentialAction\":[{\"@type\":\"ReadAction\",\"target\":[\"https:\/\/kspnszz.org\/index.php\/fundacja-solidarni\/\"]}]},{\"@type\":\"ImageObject\",\"inLanguage\":\"pl-PL\",\"@id\":\"https:\/\/kspnszz.org\/index.php\/fundacja-solidarni\/#primaryimage\",\"url\":\"http:\/\/kspnszz.org\/wp-content\/uploads\/2015\/06\/Solidarni1.jpg\",\"contentUrl\":\"http:\/\/kspnszz.org\/wp-content\/uploads\/2015\/06\/Solidarni1.jpg\",\"width\":1002,\"height\":454},{\"@type\":\"BreadcrumbList\",\"@id\":\"https:\/\/kspnszz.org\/index.php\/fundacja-solidarni\/#breadcrumb\",\"itemListElement\":[{\"@type\":\"ListItem\",\"position\":1,\"name\":\"Strona g\u0142\u00f3wna\",\"item\":\"http:\/\/kspnszz.org\/\"},{\"@type\":\"ListItem\",\"position\":2,\"name\":\"Fundacja Solidarni\"}]},{\"@type\":\"WebSite\",\"@id\":\"http:\/\/kspnszz.org\/#website\",\"url\":\"http:\/\/kspnszz.org\/\",\"name\":\"KSPNSZZ\",\"description\":\"Krajowa Sekcja Po\u017carnictwa\",\"potentialAction\":[{\"@type\":\"SearchAction\",\"target\":{\"@type\":\"EntryPoint\",\"urlTemplate\":\"http:\/\/kspnszz.org\/?s={search_term_string}\"},\"query-input\":\"required name=search_term_string\"}],\"inLanguage\":\"pl-PL\"}]}<\/script>\n<!-- \/ Yoast SEO plugin. -->","yoast_head_json":{"title":"Fundacja Solidarni - KSPNSZZ","robots":{"index":"index","follow":"follow","max-snippet":"max-snippet:-1","max-image-preview":"max-image-preview:large","max-video-preview":"max-video-preview:-1"},"canonical":"https:\/\/kspnszz.org\/index.php\/fundacja-solidarni\/","og_locale":"pl_PL","og_type":"article","og_title":"Fundacja Solidarni - KSPNSZZ","og_description":"Fundacja\u00a0pomocy poszkodowanym funkcjonariuszom i pracownikom PSP oraz cz\u0142onkom ich rodzin &#8222;SOLIDARNI&#8221; 00-463 Warszawa, ul. Podchor\u0105\u017cych 38. adres WWW fundacji: fundacjapsp.pl REGON 146293150 NIP\u00a0 7010357032 KRS\u00a00000430164 tel. + 48 535 961 881 tel. + 48 796\u00a0961 881 fax. + 48 22 523 3034 email.\u00a0biuro@fundacjapsp.pl Fundacja zosta\u0142a utworzona w celu udzielania pomocy poszkodowanym funkcjonariuszom i pracownikom Pa\u0144stwowej &hellip;","og_url":"https:\/\/kspnszz.org\/index.php\/fundacja-solidarni\/","og_site_name":"KSPNSZZ","article_modified_time":"2020-07-03T15:27:16+00:00","og_image":[{"width":1002,"height":454,"url":"https:\/\/kspnszz.org\/wp-content\/uploads\/2015\/06\/Solidarni1.jpg","type":"image\/jpeg"}],"twitter_card":"summary_large_image","schema":{"@context":"https:\/\/schema.org","@graph":[{"@type":"WebPage","@id":"https:\/\/kspnszz.org\/index.php\/fundacja-solidarni\/","url":"https:\/\/kspnszz.org\/index.php\/fundacja-solidarni\/","name":"Fundacja Solidarni - KSPNSZZ","isPartOf":{"@id":"http:\/\/kspnszz.org\/#website"},"primaryImageOfPage":{"@id":"https:\/\/kspnszz.org\/index.php\/fundacja-solidarni\/#primaryimage"},"image":{"@id":"https:\/\/kspnszz.org\/index.php\/fundacja-solidarni\/#primaryimage"},"thumbnailUrl":"http:\/\/kspnszz.org\/wp-content\/uploads\/2015\/06\/Solidarni1.jpg","datePublished":"2015-06-19T20:38:22+00:00","dateModified":"2020-07-03T15:27:16+00:00","breadcrumb":{"@id":"https:\/\/kspnszz.org\/index.php\/fundacja-solidarni\/#breadcrumb"},"inLanguage":"pl-PL","potentialAction":[{"@type":"ReadAction","target":["https:\/\/kspnszz.org\/index.php\/fundacja-solidarni\/"]}]},{"@type":"ImageObject","inLanguage":"pl-PL","@id":"https:\/\/kspnszz.org\/index.php\/fundacja-solidarni\/#primaryimage","url":"http:\/\/kspnszz.org\/wp-content\/uploads\/2015\/06\/Solidarni1.jpg","contentUrl":"http:\/\/kspnszz.org\/wp-content\/uploads\/2015\/06\/Solidarni1.jpg","width":1002,"height":454},{"@type":"BreadcrumbList","@id":"https:\/\/kspnszz.org\/index.php\/fundacja-solidarni\/#breadcrumb","itemListElement":[{"@type":"ListItem","position":1,"name":"Strona g\u0142\u00f3wna","item":"http:\/\/kspnszz.org\/"},{"@type":"ListItem","position":2,"name":"Fundacja Solidarni"}]},{"@type":"WebSite","@id":"http:\/\/kspnszz.org\/#website","url":"http:\/\/kspnszz.org\/","name":"KSPNSZZ","description":"Krajowa Sekcja Po\u017carnictwa","potentialAction":[{"@type":"SearchAction","target":{"@type":"EntryPoint","urlTemplate":"http:\/\/kspnszz.org\/?s={search_term_string}"},"query-input":"required name=search_term_string"}],"inLanguage":"pl-PL"}]}},"_links":{"self":[{"href":"http:\/\/kspnszz.org\/index.php\/wp-json\/wp\/v2\/pages\/1078"}],"collection":[{"href":"http:\/\/kspnszz.org\/index.php\/wp-json\/wp\/v2\/pages"}],"about":[{"href":"http:\/\/kspnszz.org\/index.php\/wp-json\/wp\/v2\/types\/page"}],"author":[{"embeddable":true,"href":"http:\/\/kspnszz.org\/index.php\/wp-json\/wp\/v2\/users\/1"}],"replies":[{"embeddable":true,"href":"http:\/\/kspnszz.org\/index.php\/wp-json\/wp\/v2\/comments?post=1078"}],"version-history":[{"count":4,"href":"http:\/\/kspnszz.org\/index.php\/wp-json\/wp\/v2\/pages\/1078\/revisions"}],"predecessor-version":[{"id":2749,"href":"http:\/\/kspnszz.org\/index.php\/wp-json\/wp\/v2\/pages\/1078\/revisions\/2749"}],"wp:featuredmedia":[{"embeddable":true,"href":"http:\/\/kspnszz.org\/index.php\/wp-json\/wp\/v2\/media\/1079"}],"wp:attachment":[{"href":"http:\/\/kspnszz.org\/index.php\/wp-json\/wp\/v2\/media?parent=1078"}],"curies":[{"name":"wp","href":"https:\/\/api.w.org\/{rel}","templated":true}]}}